{"id":11,"date":"2010-12-08T00:03:40","date_gmt":"2010-12-08T00:03:40","guid":{"rendered":"http:\/\/autographe.net\/autographes\/?page_id=11"},"modified":"2024-04-23T07:55:31","modified_gmt":"2024-04-23T07:55:31","slug":"contact-expert-autographes","status":"publish","type":"page","link":"https:\/\/autographe.com\/autographes\/contact-expert-autographes\/","title":{"rendered":"Contact"},"content":{"rendered":"<ul class='mp-share-buttons'><li class='mp-share-buttons-fb'><div class='fb-like' data-href='https%3A%2F%2Fautographe.com%2Fautographes%2Fcontact-expert-autographes%2F' data-width='' data-layout='button' data-action='like' data-size='small' data-share='true'><\/div><\/li><li class='mp-share-buttons-tw'><a class='twitter-share-button' href='https:\/\/twitter.com\/share'?url='https%3A%2F%2Fautographe.com%2Fautographes%2F%3Fp%3D11' data-via=''><\/a><\/li><\/ul><div class='mp-share-clear-fix'><\/div><p>Une question ?\u00a0Besoin de conseils ?\u00a0N&rsquo;h\u00e9sitez pas \u00e0 contacter la librairie-galerie\u00a0<strong>Arts et Autographes !<\/strong><\/p>\n<p>Vous avez \u00e0 votre disposition ce formulaire de contact ainsi que le t\u00e9l\u00e9phone :<\/p>\n<p><strong>International : +33 1 43 25 60 48<\/strong><\/p>\n<p><strong>France : 01 43 25 60 48<\/strong><\/p>\n<p><img decoding=\"async\" src=\"http:\/\/autographe.com\/images\/adresse.png\" \/><\/p>\n<div class=\"wpforms-container wpforms-container-full wpforms-render-modern\" id=\"wpforms-11502\"><form id=\"wpforms-form-11502\" class=\"wpforms-validate wpforms-form wpforms-ajax-form\" data-formid=\"11502\" method=\"post\" enctype=\"multipart\/form-data\" action=\"\/autographes\/wp-json\/wp\/v2\/pages\/11\" data-token=\"f1ac29c855e854be7a0df2a46e72d436\"><noscript class=\"wpforms-error-noscript\">Veuillez activer JavaScript dans votre navigateur pour remplir ce formulaire.<\/noscript><div class=\"wpforms-hidden\" id=\"wpforms-error-noscript\">Veuillez activer JavaScript dans votre navigateur pour remplir ce formulaire.<\/div><div class=\"wpforms-field-container\"><div id=\"wpforms-11502-field_0-container\" class=\"wpforms-field wpforms-field-name\" data-field-id=\"0\"><fieldset><legend class=\"wpforms-field-label\">Nom <span class=\"wpforms-required-label\" aria-hidden=\"true\">*<\/span><\/legend><div class=\"wpforms-field-row wpforms-field-large\"><div class=\"wpforms-field-row-block wpforms-first wpforms-one-half\"><input type=\"text\" id=\"wpforms-11502-field_0\" class=\"wpforms-field-name-first wpforms-field-required\" name=\"wpforms[fields][0][first]\" aria-errormessage=\"wpforms-11502-field_0-error\" required><label for=\"wpforms-11502-field_0\" class=\"wpforms-field-sublabel after \">Pr\u00e9nom<\/label><\/div><div class=\"wpforms-field-row-block wpforms-one-half\"><input type=\"text\" id=\"wpforms-11502-field_0-last\" class=\"wpforms-field-name-last wpforms-field-required\" name=\"wpforms[fields][0][last]\" aria-errormessage=\"wpforms-11502-field_0-last-error\" required><label for=\"wpforms-11502-field_0-last\" class=\"wpforms-field-sublabel after \">Nom<\/label><\/div><\/div><\/fieldset><\/div><div id=\"wpforms-11502-field_1-container\" class=\"wpforms-field wpforms-field-email\" data-field-id=\"1\"><label class=\"wpforms-field-label\" for=\"wpforms-11502-field_1\">E-mail <span class=\"wpforms-required-label\" aria-hidden=\"true\">*<\/span><\/label><input type=\"email\" id=\"wpforms-11502-field_1\" class=\"wpforms-field-large wpforms-field-required\" name=\"wpforms[fields][1]\" spellcheck=\"false\" aria-errormessage=\"wpforms-11502-field_1-error\" required><\/div><div id=\"wpforms-11502-field_3-container\" class=\"wpforms-field wpforms-field-phone\" data-field-id=\"3\"><label class=\"wpforms-field-label\" for=\"wpforms-11502-field_3\">T\u00e9l\u00e9phone<\/label><input type=\"tel\" id=\"wpforms-11502-field_3\" class=\"wpforms-field-large wpforms-smart-phone-field\" data-rule-smart-phone-field=\"true\" name=\"wpforms[fields][3]\" aria-errormessage=\"wpforms-11502-field_3-error\" ><\/div><div id=\"wpforms-11502-field_2-container\" class=\"wpforms-field wpforms-field-textarea\" data-field-id=\"2\"><label class=\"wpforms-field-label\" for=\"wpforms-11502-field_2\">Message<\/label><textarea id=\"wpforms-11502-field_2\" class=\"wpforms-field-medium\" name=\"wpforms[fields][2]\" aria-errormessage=\"wpforms-11502-field_2-error\" ><\/textarea><\/div><\/div><!-- .wpforms-field-container --><div class=\"wpforms-submit-container\" ><input type=\"hidden\" name=\"wpforms[id]\" value=\"11502\"><input type=\"hidden\" name=\"wpforms[author]\" value=\"1\"><button type=\"submit\" name=\"wpforms[submit]\" id=\"wpforms-submit-11502\" class=\"wpforms-submit\" data-alt-text=\"Envoi...\" data-submit-text=\"Envoyer\" aria-live=\"assertive\" value=\"wpforms-submit\">Envoyer<\/button><img loading=\"lazy\" decoding=\"async\" src=\"http:\/\/autographe.com\/autographes\/wp-content\/plugins\/wpforms\/assets\/images\/submit-spin.svg\" class=\"wpforms-submit-spinner\" style=\"display: none;\" width=\"26\" height=\"26\" alt=\"Chargement en cours\"><\/div><\/form><\/div>  <!-- .wpforms-container -->\n<span id='mp-share-below-action'>Partagez :<\/span><ul class='mp-share-boxes'><li class='mp-share-boxes-fb'><div class='fb-like' data-href='https%3A%2F%2Fautographe.com%2Fautographes%2Fcontact-expert-autographes%2F' data-width='' data-layout='box_count' data-action='like' data-size='small' data-share='true'><\/div><\/li><li class='mp-share-buttons-tw'><a class='twitter-share-button' href='https:\/\/twitter.com\/share'?url='https%3A%2F%2Fautographe.com%2Fautographes%2F%3Fp%3D11' data-via=''><\/a><\/li><\/ul><div class='mp-share-clear-fix'><\/div>","protected":false},"excerpt":{"rendered":"<p>Une question ?\u00a0Besoin de conseils ?\u00a0N&rsquo;h\u00e9sitez pas \u00e0 contacter la librairie-galerie\u00a0Arts et Autographes ! Vous avez \u00e0 votre disposition ce formulaire de contact ainsi que le t\u00e9l\u00e9phone : International : +33 1 43 25 60 48 France : 01 43 25 60 48 Partagez :<\/p>\n","protected":false},"author":1,"featured_media":0,"parent":0,"menu_order":0,"comment_status":"closed","ping_status":"closed","template":"","meta":{"_coblocks_attr":"","_coblocks_dimensions":"","_coblocks_responsive_height":"","_coblocks_accordion_ie_support":"","hide_page_title":"","footnotes":""},"class_list":["post-11","page","type-page","status-publish","hentry"],"yoast_head":"<!-- This site is optimized with the Yoast SEO plugin v27.3 - https:\/\/yoast.com\/product\/yoast-seo-wordpress\/ -->\n<title>Contact - Autographes et manuscrits rares<\/title>\n<meta name=\"robots\" content=\"index, follow, max-snippet:-1, max-image-preview:large, max-video-preview:-1\" \/>\n<link rel=\"canonical\" href=\"https:\/\/autographe.com\/autographes\/contact-expert-autographes\/\" \/>\n<meta property=\"og:locale\" content=\"fr_FR\" \/>\n<meta property=\"og:type\" content=\"article\" \/>\n<meta property=\"og:title\" content=\"Contact - Autographes et manuscrits rares\" \/>\n<meta property=\"og:description\" content=\"Une question ?\u00a0Besoin de conseils ?\u00a0N&rsquo;h\u00e9sitez pas \u00e0 contacter la librairie-galerie\u00a0Arts et Autographes ! Vous avez \u00e0 votre disposition ce formulaire de contact ainsi que le t\u00e9l\u00e9phone : International : +33 1 43 25 60 48 France : 01 43 25 60 48 Partagez :\" \/>\n<meta property=\"og:url\" content=\"https:\/\/autographe.com\/autographes\/contact-expert-autographes\/\" \/>\n<meta property=\"og:site_name\" content=\"Autographes et manuscrits rares\" \/>\n<meta property=\"article:publisher\" content=\"https:\/\/www.facebook.com\/autographesodeon\" \/>\n<meta property=\"article:modified_time\" content=\"2024-04-23T07:55:31+00:00\" \/>\n<meta property=\"og:image\" content=\"http:\/\/autographe.com\/images\/adresse.png\" \/>\n<meta name=\"twitter:card\" content=\"summary_large_image\" \/>\n<meta name=\"twitter:label1\" content=\"Dur\u00e9e de lecture estim\u00e9e\" \/>\n\t<meta name=\"twitter:data1\" content=\"1 minute\" \/>\n<script type=\"application\/ld+json\" class=\"yoast-schema-graph\">{\"@context\":\"https:\\\/\\\/schema.org\",\"@graph\":[{\"@type\":\"WebPage\",\"@id\":\"https:\\\/\\\/autographe.com\\\/autographes\\\/contact-expert-autographes\\\/\",\"url\":\"https:\\\/\\\/autographe.com\\\/autographes\\\/contact-expert-autographes\\\/\",\"name\":\"Contact - Autographes et manuscrits rares\",\"isPartOf\":{\"@id\":\"https:\\\/\\\/autographe.com\\\/autographes\\\/#website\"},\"primaryImageOfPage\":{\"@id\":\"https:\\\/\\\/autographe.com\\\/autographes\\\/contact-expert-autographes\\\/#primaryimage\"},\"image\":{\"@id\":\"https:\\\/\\\/autographe.com\\\/autographes\\\/contact-expert-autographes\\\/#primaryimage\"},\"thumbnailUrl\":\"http:\\\/\\\/autographe.com\\\/images\\\/adresse.png\",\"datePublished\":\"2010-12-08T00:03:40+00:00\",\"dateModified\":\"2024-04-23T07:55:31+00:00\",\"breadcrumb\":{\"@id\":\"https:\\\/\\\/autographe.com\\\/autographes\\\/contact-expert-autographes\\\/#breadcrumb\"},\"inLanguage\":\"fr-FR\",\"potentialAction\":[{\"@type\":\"ReadAction\",\"target\":[\"https:\\\/\\\/autographe.com\\\/autographes\\\/contact-expert-autographes\\\/\"]}]},{\"@type\":\"ImageObject\",\"inLanguage\":\"fr-FR\",\"@id\":\"https:\\\/\\\/autographe.com\\\/autographes\\\/contact-expert-autographes\\\/#primaryimage\",\"url\":\"http:\\\/\\\/autographe.com\\\/images\\\/adresse.png\",\"contentUrl\":\"http:\\\/\\\/autographe.com\\\/images\\\/adresse.png\"},{\"@type\":\"BreadcrumbList\",\"@id\":\"https:\\\/\\\/autographe.com\\\/autographes\\\/contact-expert-autographes\\\/#breadcrumb\",\"itemListElement\":[{\"@type\":\"ListItem\",\"position\":1,\"name\":\"Accueil\",\"item\":\"https:\\\/\\\/autographe.com\\\/autographes\\\/\"},{\"@type\":\"ListItem\",\"position\":2,\"name\":\"Contact\"}]},{\"@type\":\"WebSite\",\"@id\":\"https:\\\/\\\/autographe.com\\\/autographes\\\/#website\",\"url\":\"https:\\\/\\\/autographe.com\\\/autographes\\\/\",\"name\":\"Autographes et manuscrits rares\",\"description\":\"Expertises et estimations d&#039;autographes et manuscrits\",\"potentialAction\":[{\"@type\":\"SearchAction\",\"target\":{\"@type\":\"EntryPoint\",\"urlTemplate\":\"https:\\\/\\\/autographe.com\\\/autographes\\\/?s={search_term_string}\"},\"query-input\":{\"@type\":\"PropertyValueSpecification\",\"valueRequired\":true,\"valueName\":\"search_term_string\"}}],\"inLanguage\":\"fr-FR\"}]}<\/script>\n<!-- \/ Yoast SEO plugin. -->","yoast_head_json":{"title":"Contact - Autographes et manuscrits rares","robots":{"index":"index","follow":"follow","max-snippet":"max-snippet:-1","max-image-preview":"max-image-preview:large","max-video-preview":"max-video-preview:-1"},"canonical":"https:\/\/autographe.com\/autographes\/contact-expert-autographes\/","og_locale":"fr_FR","og_type":"article","og_title":"Contact - Autographes et manuscrits rares","og_description":"Une question ?\u00a0Besoin de conseils ?\u00a0N&rsquo;h\u00e9sitez pas \u00e0 contacter la librairie-galerie\u00a0Arts et Autographes ! Vous avez \u00e0 votre disposition ce formulaire de contact ainsi que le t\u00e9l\u00e9phone : International : +33 1 43 25 60 48 France : 01 43 25 60 48 Partagez :","og_url":"https:\/\/autographe.com\/autographes\/contact-expert-autographes\/","og_site_name":"Autographes et manuscrits rares","article_publisher":"https:\/\/www.facebook.com\/autographesodeon","article_modified_time":"2024-04-23T07:55:31+00:00","og_image":[{"url":"http:\/\/autographe.com\/images\/adresse.png","type":"","width":"","height":""}],"twitter_card":"summary_large_image","twitter_misc":{"Dur\u00e9e de lecture estim\u00e9e":"1 minute"},"schema":{"@context":"https:\/\/schema.org","@graph":[{"@type":"WebPage","@id":"https:\/\/autographe.com\/autographes\/contact-expert-autographes\/","url":"https:\/\/autographe.com\/autographes\/contact-expert-autographes\/","name":"Contact - Autographes et manuscrits rares","isPartOf":{"@id":"https:\/\/autographe.com\/autographes\/#website"},"primaryImageOfPage":{"@id":"https:\/\/autographe.com\/autographes\/contact-expert-autographes\/#primaryimage"},"image":{"@id":"https:\/\/autographe.com\/autographes\/contact-expert-autographes\/#primaryimage"},"thumbnailUrl":"http:\/\/autographe.com\/images\/adresse.png","datePublished":"2010-12-08T00:03:40+00:00","dateModified":"2024-04-23T07:55:31+00:00","breadcrumb":{"@id":"https:\/\/autographe.com\/autographes\/contact-expert-autographes\/#breadcrumb"},"inLanguage":"fr-FR","potentialAction":[{"@type":"ReadAction","target":["https:\/\/autographe.com\/autographes\/contact-expert-autographes\/"]}]},{"@type":"ImageObject","inLanguage":"fr-FR","@id":"https:\/\/autographe.com\/autographes\/contact-expert-autographes\/#primaryimage","url":"http:\/\/autographe.com\/images\/adresse.png","contentUrl":"http:\/\/autographe.com\/images\/adresse.png"},{"@type":"BreadcrumbList","@id":"https:\/\/autographe.com\/autographes\/contact-expert-autographes\/#breadcrumb","itemListElement":[{"@type":"ListItem","position":1,"name":"Accueil","item":"https:\/\/autographe.com\/autographes\/"},{"@type":"ListItem","position":2,"name":"Contact"}]},{"@type":"WebSite","@id":"https:\/\/autographe.com\/autographes\/#website","url":"https:\/\/autographe.com\/autographes\/","name":"Autographes et manuscrits rares","description":"Expertises et estimations d&#039;autographes et manuscrits","potentialAction":[{"@type":"SearchAction","target":{"@type":"EntryPoint","urlTemplate":"https:\/\/autographe.com\/autographes\/?s={search_term_string}"},"query-input":{"@type":"PropertyValueSpecification","valueRequired":true,"valueName":"search_term_string"}}],"inLanguage":"fr-FR"}]}},"_links":{"self":[{"href":"https:\/\/autographe.com\/autographes\/wp-json\/wp\/v2\/pages\/11","targetHints":{"allow":["GET"]}}],"collection":[{"href":"https:\/\/autographe.com\/autographes\/wp-json\/wp\/v2\/pages"}],"about":[{"href":"https:\/\/autographe.com\/autographes\/wp-json\/wp\/v2\/types\/page"}],"author":[{"embeddable":true,"href":"https:\/\/autographe.com\/autographes\/wp-json\/wp\/v2\/users\/1"}],"replies":[{"embeddable":true,"href":"https:\/\/autographe.com\/autographes\/wp-json\/wp\/v2\/comments?post=11"}],"version-history":[{"count":20,"href":"https:\/\/autographe.com\/autographes\/wp-json\/wp\/v2\/pages\/11\/revisions"}],"predecessor-version":[{"id":11506,"href":"https:\/\/autographe.com\/autographes\/wp-json\/wp\/v2\/pages\/11\/revisions\/11506"}],"wp:attachment":[{"href":"https:\/\/autographe.com\/autographes\/wp-json\/wp\/v2\/media?parent=11"}],"curies":[{"name":"wp","href":"https:\/\/api.w.org\/{rel}","templated":true}]}}