{"id":2,"date":"2010-12-07T22:37:10","date_gmt":"2010-12-07T22:37:10","guid":{"rendered":"http:\/\/autographe.net\/autographes\/?page_id=2"},"modified":"2021-03-20T13:03:26","modified_gmt":"2021-03-20T13:03:26","slug":"expert-jean-emmanuel-raux","status":"publish","type":"page","link":"https:\/\/autographe.com\/autographes\/expert-jean-emmanuel-raux\/","title":{"rendered":"Jean-Emmanuel Raux"},"content":{"rendered":"<ul class='mp-share-buttons'><li class='mp-share-buttons-fb'><div class='fb-like' data-href='https%3A%2F%2Fautographe.com%2Fautographes%2Fexpert-jean-emmanuel-raux%2F' data-width='' data-layout='button' data-action='like' data-size='small' data-share='true'><\/div><\/li><li class='mp-share-buttons-tw'><a class='twitter-share-button' href='https:\/\/twitter.com\/share'?url='https%3A%2F%2Fautographe.com%2Fautographes%2F%3Fp%3D2' data-via=''><\/a><\/li><\/ul><div class='mp-share-clear-fix'><\/div><h1><strong>Une passion pour les\u00a0manuscrits\u2026<\/strong><\/h1>\n<p>Jean-Emmanuel Raux ach\u00e8te, expertise et vend des <strong>manuscrits autographes<\/strong> depuis plus de 45 ans.<\/p>\n<p>Cette passion pour les manuscrits et l\u2019art, qui conduit Jean-Emmanuel Raux a acheter, expertiser et vendre des autographes depuis plus de 45 ans. Jean Emmanuel Raux s\u2019est longtemps passionn\u00e9 pour l\u2019histoire de France puis celle du monde et a tr\u00e8s t\u00f4t manifest\u00e9 beaucoup d\u2019int\u00e9r\u00eats pour les pays d\u2019Outremer o\u00f9 il a v\u00e9cu, comme le Pacifique. Suite \u00e0 ces exp\u00e9riences, il ach\u00e8te fr\u00e9n\u00e9tiquement les lettres rares de <strong>Gauguin<\/strong> passant sur le march\u00e9 ceuqi lui permet de proposer de belles lettres de Gauguin.<br \/>\nDe Gauguin il a plong\u00e9 tout de suite dans la fascination des grands ma\u00eetres de l\u2019<strong>Art moderne<\/strong>, et pendant que le march\u00e9 achetait \u00e0 des prix records leurs toiles, il acquiert les lettres qui sont d\u2019immenses t\u00e9moignages de la peinture. Il a ainsi pu acc\u00e9der \u00e0 Gauguin, Matisse, Monet, S\u00e9rusier, Derain, Chagall, Pissarro, Vlaminck&#8230; et tant d\u2019autres.<\/p>\n<h2>L&rsquo;expert J. E. Raux se confie<\/h2>\n<p>\u00ab Les ann\u00e9es ont pass\u00e9, je me passionne toujours autant pour le manuscrit, si ce n\u2019est plus, pour la litt\u00e9rature, la musique, les sciences, et tant d\u2019autres secteurs. Ce qui m\u2019importe maintenant, c\u2019est de trouver un \u00e9crit pr\u00e9cieux d\u2019un homme c\u00e9l\u00e8bre, un t\u00e9moignage d\u2019un \u00e9v\u00e9nement, etc. Apr\u00e8s ces quarante ans de m\u00e9tier, je me passionne pour les lettres de peintres et de musiciens, les manuscrits, les dessins et les huiles sur toiles. \u00bb<\/p>\n<p>Nous avons ouvert un nouveau site internet : <a title=\"Arts.fr\" href=\"http:\/\/arts.fr\/fr\/accueil-arts-fr\/\" target=\"_blank\" rel=\"noopener\">Arts.fr<\/a> sur lequel vous trouverez des oeuvres d&rsquo;Art Moderne de qualit\u00e9. Aliz\u00e9e Raux travaille d\u00e9sormais au sein de son \u00e9quipe.<\/p>\n<p><a href=\"http:\/\/autographe.com\/autographes\/wp-content\/uploads\/2010\/12\/Jean-Raux.jpg\"><img loading=\"lazy\" decoding=\"async\" class=\"alignleft size-full wp-image-2052\" src=\"http:\/\/autographe.com\/autographes\/wp-content\/uploads\/2010\/12\/Jean-Raux.jpg\" alt=\"Jean-Raux\" width=\"612\" height=\"800\" srcset=\"https:\/\/autographe.com\/autographes\/wp-content\/uploads\/2010\/12\/Jean-Raux.jpg 612w, https:\/\/autographe.com\/autographes\/wp-content\/uploads\/2010\/12\/Jean-Raux-229x300.jpg 229w\" sizes=\"auto, (max-width: 612px) 100vw, 612px\" \/><\/a><\/p>\n<p>Nous avons ouvert un nouveau site internet : <a title=\"Arts.fr\" href=\"http:\/\/arts.fr\/fr\/accueil-arts-fr\/\" target=\"_blank\" rel=\"noopener\">Arts.fr<\/a> sur lequel vous trouverez des oeuvres d&rsquo;Art Moderne de qualit\u00e9. Aliz\u00e9e Raux travaille d\u00e9sormais au sein de son \u00e9quipe.<\/p>\n<span id='mp-share-below-action'>Partagez :<\/span><ul class='mp-share-boxes'><li class='mp-share-boxes-fb'><div class='fb-like' data-href='https%3A%2F%2Fautographe.com%2Fautographes%2Fexpert-jean-emmanuel-raux%2F' data-width='' data-layout='box_count' data-action='like' data-size='small' data-share='true'><\/div><\/li><li class='mp-share-buttons-tw'><a class='twitter-share-button' href='https:\/\/twitter.com\/share'?url='https%3A%2F%2Fautographe.com%2Fautographes%2F%3Fp%3D2' data-via=''><\/a><\/li><\/ul><div class='mp-share-clear-fix'><\/div>","protected":false},"excerpt":{"rendered":"<p>Une passion pour les\u00a0manuscrits\u2026 Jean-Emmanuel Raux ach\u00e8te, expertise et vend des manuscrits autographes depuis plus de 45 ans. Cette passion pour les manuscrits et l\u2019art, qui conduit Jean-Emmanuel Raux a acheter, expertiser et vendre des autographes depuis plus de 45 ans. Jean Emmanuel Raux s\u2019est longtemps passionn\u00e9 pour l\u2019histoire de France puis celle du monde [&hellip;]<\/p>\n","protected":false},"author":1,"featured_media":0,"parent":0,"menu_order":0,"comment_status":"open","ping_status":"open","template":"","meta":{"_coblocks_attr":"","_coblocks_dimensions":"","_coblocks_responsive_height":"","_coblocks_accordion_ie_support":"","hide_page_title":"","footnotes":""},"class_list":["post-2","page","type-page","status-publish","hentry"],"yoast_head":"<!-- This site is optimized with the Yoast SEO plugin v27.3 - https:\/\/yoast.com\/product\/yoast-seo-wordpress\/ -->\n<title>Jean-Emmanuel Raux - Autographes et manuscrits rares<\/title>\n<meta name=\"robots\" content=\"index, follow, max-snippet:-1, max-image-preview:large, max-video-preview:-1\" \/>\n<link rel=\"canonical\" href=\"https:\/\/autographe.com\/autographes\/expert-jean-emmanuel-raux\/\" \/>\n<meta property=\"og:locale\" content=\"fr_FR\" \/>\n<meta property=\"og:type\" content=\"article\" \/>\n<meta property=\"og:title\" content=\"Jean-Emmanuel Raux - Autographes et manuscrits rares\" \/>\n<meta property=\"og:description\" content=\"Une passion pour les\u00a0manuscrits\u2026 Jean-Emmanuel Raux ach\u00e8te, expertise et vend des manuscrits autographes depuis plus de 45 ans. Cette passion pour les manuscrits et l\u2019art, qui conduit Jean-Emmanuel Raux a acheter, expertiser et vendre des autographes depuis plus de 45 ans. Jean Emmanuel Raux s\u2019est longtemps passionn\u00e9 pour l\u2019histoire de France puis celle du monde [&hellip;]\" \/>\n<meta property=\"og:url\" content=\"https:\/\/autographe.com\/autographes\/expert-jean-emmanuel-raux\/\" \/>\n<meta property=\"og:site_name\" content=\"Autographes et manuscrits rares\" \/>\n<meta property=\"article:publisher\" content=\"https:\/\/www.facebook.com\/autographesodeon\" \/>\n<meta property=\"article:modified_time\" content=\"2021-03-20T13:03:26+00:00\" \/>\n<meta property=\"og:image\" content=\"http:\/\/autographe.com\/autographes\/wp-content\/uploads\/2010\/12\/Jean-Raux.jpg\" \/>\n<meta name=\"twitter:card\" content=\"summary_large_image\" \/>\n<meta name=\"twitter:label1\" content=\"Dur\u00e9e de lecture estim\u00e9e\" \/>\n\t<meta name=\"twitter:data1\" content=\"2 minutes\" \/>\n<script type=\"application\/ld+json\" class=\"yoast-schema-graph\">{\"@context\":\"https:\\\/\\\/schema.org\",\"@graph\":[{\"@type\":\"WebPage\",\"@id\":\"https:\\\/\\\/autographe.com\\\/autographes\\\/expert-jean-emmanuel-raux\\\/\",\"url\":\"https:\\\/\\\/autographe.com\\\/autographes\\\/expert-jean-emmanuel-raux\\\/\",\"name\":\"Jean-Emmanuel Raux - Autographes et manuscrits rares\",\"isPartOf\":{\"@id\":\"https:\\\/\\\/autographe.com\\\/autographes\\\/#website\"},\"primaryImageOfPage\":{\"@id\":\"https:\\\/\\\/autographe.com\\\/autographes\\\/expert-jean-emmanuel-raux\\\/#primaryimage\"},\"image\":{\"@id\":\"https:\\\/\\\/autographe.com\\\/autographes\\\/expert-jean-emmanuel-raux\\\/#primaryimage\"},\"thumbnailUrl\":\"http:\\\/\\\/autographe.com\\\/autographes\\\/wp-content\\\/uploads\\\/2010\\\/12\\\/Jean-Raux.jpg\",\"datePublished\":\"2010-12-07T22:37:10+00:00\",\"dateModified\":\"2021-03-20T13:03:26+00:00\",\"breadcrumb\":{\"@id\":\"https:\\\/\\\/autographe.com\\\/autographes\\\/expert-jean-emmanuel-raux\\\/#breadcrumb\"},\"inLanguage\":\"fr-FR\",\"potentialAction\":[{\"@type\":\"ReadAction\",\"target\":[\"https:\\\/\\\/autographe.com\\\/autographes\\\/expert-jean-emmanuel-raux\\\/\"]}]},{\"@type\":\"ImageObject\",\"inLanguage\":\"fr-FR\",\"@id\":\"https:\\\/\\\/autographe.com\\\/autographes\\\/expert-jean-emmanuel-raux\\\/#primaryimage\",\"url\":\"http:\\\/\\\/autographe.com\\\/autographes\\\/wp-content\\\/uploads\\\/2010\\\/12\\\/Jean-Raux.jpg\",\"contentUrl\":\"http:\\\/\\\/autographe.com\\\/autographes\\\/wp-content\\\/uploads\\\/2010\\\/12\\\/Jean-Raux.jpg\"},{\"@type\":\"BreadcrumbList\",\"@id\":\"https:\\\/\\\/autographe.com\\\/autographes\\\/expert-jean-emmanuel-raux\\\/#breadcrumb\",\"itemListElement\":[{\"@type\":\"ListItem\",\"position\":1,\"name\":\"Accueil\",\"item\":\"https:\\\/\\\/autographe.com\\\/autographes\\\/\"},{\"@type\":\"ListItem\",\"position\":2,\"name\":\"Jean-Emmanuel Raux\"}]},{\"@type\":\"WebSite\",\"@id\":\"https:\\\/\\\/autographe.com\\\/autographes\\\/#website\",\"url\":\"https:\\\/\\\/autographe.com\\\/autographes\\\/\",\"name\":\"Autographes et manuscrits rares\",\"description\":\"Expertises et estimations d&#039;autographes et manuscrits\",\"potentialAction\":[{\"@type\":\"SearchAction\",\"target\":{\"@type\":\"EntryPoint\",\"urlTemplate\":\"https:\\\/\\\/autographe.com\\\/autographes\\\/?s={search_term_string}\"},\"query-input\":{\"@type\":\"PropertyValueSpecification\",\"valueRequired\":true,\"valueName\":\"search_term_string\"}}],\"inLanguage\":\"fr-FR\"}]}<\/script>\n<!-- \/ Yoast SEO plugin. -->","yoast_head_json":{"title":"Jean-Emmanuel Raux - Autographes et manuscrits rares","robots":{"index":"index","follow":"follow","max-snippet":"max-snippet:-1","max-image-preview":"max-image-preview:large","max-video-preview":"max-video-preview:-1"},"canonical":"https:\/\/autographe.com\/autographes\/expert-jean-emmanuel-raux\/","og_locale":"fr_FR","og_type":"article","og_title":"Jean-Emmanuel Raux - Autographes et manuscrits rares","og_description":"Une passion pour les\u00a0manuscrits\u2026 Jean-Emmanuel Raux ach\u00e8te, expertise et vend des manuscrits autographes depuis plus de 45 ans. Cette passion pour les manuscrits et l\u2019art, qui conduit Jean-Emmanuel Raux a acheter, expertiser et vendre des autographes depuis plus de 45 ans. Jean Emmanuel Raux s\u2019est longtemps passionn\u00e9 pour l\u2019histoire de France puis celle du monde [&hellip;]","og_url":"https:\/\/autographe.com\/autographes\/expert-jean-emmanuel-raux\/","og_site_name":"Autographes et manuscrits rares","article_publisher":"https:\/\/www.facebook.com\/autographesodeon","article_modified_time":"2021-03-20T13:03:26+00:00","og_image":[{"url":"http:\/\/autographe.com\/autographes\/wp-content\/uploads\/2010\/12\/Jean-Raux.jpg","type":"","width":"","height":""}],"twitter_card":"summary_large_image","twitter_misc":{"Dur\u00e9e de lecture estim\u00e9e":"2 minutes"},"schema":{"@context":"https:\/\/schema.org","@graph":[{"@type":"WebPage","@id":"https:\/\/autographe.com\/autographes\/expert-jean-emmanuel-raux\/","url":"https:\/\/autographe.com\/autographes\/expert-jean-emmanuel-raux\/","name":"Jean-Emmanuel Raux - Autographes et manuscrits rares","isPartOf":{"@id":"https:\/\/autographe.com\/autographes\/#website"},"primaryImageOfPage":{"@id":"https:\/\/autographe.com\/autographes\/expert-jean-emmanuel-raux\/#primaryimage"},"image":{"@id":"https:\/\/autographe.com\/autographes\/expert-jean-emmanuel-raux\/#primaryimage"},"thumbnailUrl":"http:\/\/autographe.com\/autographes\/wp-content\/uploads\/2010\/12\/Jean-Raux.jpg","datePublished":"2010-12-07T22:37:10+00:00","dateModified":"2021-03-20T13:03:26+00:00","breadcrumb":{"@id":"https:\/\/autographe.com\/autographes\/expert-jean-emmanuel-raux\/#breadcrumb"},"inLanguage":"fr-FR","potentialAction":[{"@type":"ReadAction","target":["https:\/\/autographe.com\/autographes\/expert-jean-emmanuel-raux\/"]}]},{"@type":"ImageObject","inLanguage":"fr-FR","@id":"https:\/\/autographe.com\/autographes\/expert-jean-emmanuel-raux\/#primaryimage","url":"http:\/\/autographe.com\/autographes\/wp-content\/uploads\/2010\/12\/Jean-Raux.jpg","contentUrl":"http:\/\/autographe.com\/autographes\/wp-content\/uploads\/2010\/12\/Jean-Raux.jpg"},{"@type":"BreadcrumbList","@id":"https:\/\/autographe.com\/autographes\/expert-jean-emmanuel-raux\/#breadcrumb","itemListElement":[{"@type":"ListItem","position":1,"name":"Accueil","item":"https:\/\/autographe.com\/autographes\/"},{"@type":"ListItem","position":2,"name":"Jean-Emmanuel Raux"}]},{"@type":"WebSite","@id":"https:\/\/autographe.com\/autographes\/#website","url":"https:\/\/autographe.com\/autographes\/","name":"Autographes et manuscrits rares","description":"Expertises et estimations d&#039;autographes et manuscrits","potentialAction":[{"@type":"SearchAction","target":{"@type":"EntryPoint","urlTemplate":"https:\/\/autographe.com\/autographes\/?s={search_term_string}"},"query-input":{"@type":"PropertyValueSpecification","valueRequired":true,"valueName":"search_term_string"}}],"inLanguage":"fr-FR"}]}},"_links":{"self":[{"href":"https:\/\/autographe.com\/autographes\/wp-json\/wp\/v2\/pages\/2","targetHints":{"allow":["GET"]}}],"collection":[{"href":"https:\/\/autographe.com\/autographes\/wp-json\/wp\/v2\/pages"}],"about":[{"href":"https:\/\/autographe.com\/autographes\/wp-json\/wp\/v2\/types\/page"}],"author":[{"embeddable":true,"href":"https:\/\/autographe.com\/autographes\/wp-json\/wp\/v2\/users\/1"}],"replies":[{"embeddable":true,"href":"https:\/\/autographe.com\/autographes\/wp-json\/wp\/v2\/comments?post=2"}],"version-history":[{"count":49,"href":"https:\/\/autographe.com\/autographes\/wp-json\/wp\/v2\/pages\/2\/revisions"}],"predecessor-version":[{"id":3770,"href":"https:\/\/autographe.com\/autographes\/wp-json\/wp\/v2\/pages\/2\/revisions\/3770"}],"wp:attachment":[{"href":"https:\/\/autographe.com\/autographes\/wp-json\/wp\/v2\/media?parent=2"}],"curies":[{"name":"wp","href":"https:\/\/api.w.org\/{rel}","templated":true}]}}