{"id":21,"date":"2010-12-08T00:06:17","date_gmt":"2010-12-08T00:06:17","guid":{"rendered":"http:\/\/autographe.net\/autographes\/?page_id=21"},"modified":"2021-03-20T13:01:15","modified_gmt":"2021-03-20T13:01:15","slug":"galerie-arts-autographes","status":"publish","type":"page","link":"https:\/\/autographe.com\/autographes\/galerie-arts-autographes\/","title":{"rendered":"Arts &#038; Autographes"},"content":{"rendered":"<ul class='mp-share-buttons'><li class='mp-share-buttons-fb'><div class='fb-like' data-href='https%3A%2F%2Fautographe.com%2Fautographes%2Fgalerie-arts-autographes%2F' data-width='' data-layout='button' data-action='like' data-size='small' data-share='true'><\/div><\/li><li class='mp-share-buttons-tw'><a class='twitter-share-button' href='https:\/\/twitter.com\/share'?url='https%3A%2F%2Fautographe.com%2Fautographes%2F%3Fp%3D21' data-via=''><\/a><\/li><\/ul><div class='mp-share-clear-fix'><\/div><div>\n<figure id=\"attachment_1007\" aria-describedby=\"caption-attachment-1007\" style=\"width: 300px\" class=\"wp-caption aligncenter\"><a href=\"http:\/\/autographe.com\/autographes\/galerie-arts-autographes\/arts-autographes\/\" rel=\"attachment wp-att-1007\"><img loading=\"lazy\" decoding=\"async\" class=\"size-medium wp-image-1007\" src=\"http:\/\/autographe.com\/autographes\/wp-content\/uploads\/2010\/12\/arts-autographes-300x206.jpg\" alt=\"arts et autographes\" width=\"300\" height=\"206\" srcset=\"https:\/\/autographe.com\/autographes\/wp-content\/uploads\/2010\/12\/arts-autographes-300x206.jpg 300w, https:\/\/autographe.com\/autographes\/wp-content\/uploads\/2010\/12\/arts-autographes.jpg 600w\" sizes=\"auto, (max-width: 300px) 100vw, 300px\" \/><\/a><figcaption id=\"caption-attachment-1007\" class=\"wp-caption-text\">Galerie Arts et Autographes<\/figcaption><\/figure>\n<h2 style=\"font-weight: normal; font-family: Verdana, Arial, Helvetica, sans-serif; color: #ffffff; font-size: 14px;\"><span class=\"titre_liste\" style=\"font-size: 14px; font-style: normal; font-weight: bold;\"><span style=\"color: #993300;\">La librairie et galerie parisienne Arts et Autographes<\/span><\/span><span class=\"texte_liste\" style=\"font-family: Verdana, Arial, Helvetica, sans-serif; font-size: 12px; font-style: normal; color: #ffffff;\"><span class=\"h2\" style=\"font-family: Verdana, Arial, Helvetica, sans-serif; font-size: 14px; font-weight: bold; color: #ffffff;\"><br \/>\n<\/span><span class=\"texte\" style=\"font-size: 12px; font-style: normal; font-weight: normal; text-align: justify; line-height: 14pt;\"><span style=\"color: #000000;\">Depuis plus de 46 ans, <strong>Jean-Emmanuel RAUX<\/strong> est un expert sp\u00e9cialis\u00e9 dans les <strong>autographes<\/strong> et les <strong>manuscrits<\/strong> originaux de personnages c\u00e9l\u00e8bres.<br \/>\n<\/span><\/span><\/span><\/h2>\n<h2 style=\"font-weight: normal; font-family: Verdana, Arial, Helvetica, sans-serif; color: #ffffff; font-size: 14px;\"><span class=\"texte_liste\" style=\"font-family: Verdana, Arial, Helvetica, sans-serif; font-size: 12px; font-style: normal; color: #ffffff;\"><span class=\"texte\" style=\"font-size: 12px; font-style: normal; font-weight: normal; text-align: justify; line-height: 14pt;\"><span style=\"color: #000000;\">Dans sa\u00a0<strong>librairie de Paris<\/strong>, il vous propose, une <strong>collection<\/strong> de documents rares tr\u00e8s importante dans nombre de domaines : histoire, <strong>litt\u00e9rature<\/strong>, <strong>musique<\/strong>, <strong>peinture<\/strong>, mais aussi sciences ou photographie. D\u00e9couvrez \u00e9galement \u00e0 la Galerie une collection tr\u00e8s originale de documents musicaux et de lettres de peintres prestigieux ainsi que des oeuvres originales de grands peintres.<br \/>\n<\/span><\/span><\/span><\/h2>\n<h2 style=\"font-weight: normal; font-family: Verdana, Arial, Helvetica, sans-serif; color: #ffffff; font-size: 14px;\"><span class=\"texte_liste\" style=\"font-family: Verdana, Arial, Helvetica, sans-serif; font-size: 12px; font-style: normal; color: #ffffff;\"><span class=\"texte\" style=\"font-size: 12px; font-style: normal; font-weight: normal; text-align: justify; line-height: 14pt;\"><span style=\"color: #000000;\">Ce choix exceptionnel permet de trouver mati\u00e8re \u00e0 enrichir votre collection. Il est renouvel\u00e9 tr\u00e8s fr\u00e9quemment.<\/span><\/span><\/span><\/h2>\n<p><span style=\"font-family: Verdana, Arial, Helvetica, sans-serif; font-size: 14px; color: #ffffff;\"><span class=\"titre_liste\" style=\"font-size: 14px; font-style: normal; font-weight: bold;\"><span style=\"color: #993300;\">Expertises, estimations et catalogues<\/span><\/span><\/span><\/p>\n<h2 style=\"font-weight: normal; font-family: Verdana, Arial, Helvetica, sans-serif; color: #ffffff; font-size: 14px;\"><span class=\"texte\" style=\"font-size: 12px; font-style: normal; font-weight: normal; text-align: justify; line-height: 14pt;\"><span style=\"color: #000000;\">Jean-Emmanuel RAUX se charge par ailleurs d&rsquo;estimer pour vous toute collection d&rsquo;autographes ou archive et de vous proposer sa r\u00e9alisation au mieux de vos int\u00e9r\u00eats. Quatre ou cinq fois par an, un catalogue imprim\u00e9 est publi\u00e9 dans lequel plus de 350 documents sont propos\u00e9s concernant tous les centres d&rsquo;int\u00e9r\u00eat. Tous ces documents ont \u00e9t\u00e9 tr\u00e8s soigneusement choisis, expertis\u00e9s et d\u00e9crits. Vous retrouverez la plupart sur <a title=\"Autographe\" href=\"http:\/\/autographe.com\" target=\"_blank\" rel=\"noopener\">Autographe.com<\/a>. Il r\u00e9alise aussi r\u00e9guli\u00e8rement la mise en <strong>vente publique<\/strong> dans le cadre de successions de collections d&rsquo;autographes \u00e0 <strong>Drouot<\/strong> (2\u00e0 4 ventes par an).<\/span><\/span><\/h2>\n<p style=\"text-align: left;\"><span style=\"font-size: small;\">Envie de d\u00e9couvrir des tr\u00e9sors \u00e0 la galerie ?<\/span><\/p>\n<p style=\"text-align: center;\"><span style=\"font-size: small;\"><strong>Arts &amp; Autographes<\/strong><\/span><\/p>\n<p style=\"text-align: center;\">Du mardi au samedi de 11h a 12h30 et 14h\u00a0\u00e0 17h<\/p>\n<div id=\"_mcePaste\" style=\"text-align: center;\">9, rue de l&rsquo;Od\u00e9on<\/div>\n<div style=\"text-align: center;\">75006 Paris<\/div>\n<div style=\"text-align: center;\">France<\/div>\n<div id=\"_mcePaste\" style=\"text-align: center;\">T\u00e9l : 33 (0)1 43 25 60 48<\/div>\n<div style=\"text-align: center;\">M\u00e9tro Od\u00e9on<\/div>\n<div style=\"text-align: center;\">Parking \u00ab\u00a0Ecole de M\u00e9decine\u00a0\u00bb<\/div>\n<\/div>\n<span id='mp-share-below-action'>Partagez :<\/span><ul class='mp-share-boxes'><li class='mp-share-boxes-fb'><div class='fb-like' data-href='https%3A%2F%2Fautographe.com%2Fautographes%2Fgalerie-arts-autographes%2F' data-width='' data-layout='box_count' data-action='like' data-size='small' data-share='true'><\/div><\/li><li class='mp-share-buttons-tw'><a class='twitter-share-button' href='https:\/\/twitter.com\/share'?url='https%3A%2F%2Fautographe.com%2Fautographes%2F%3Fp%3D21' data-via=''><\/a><\/li><\/ul><div class='mp-share-clear-fix'><\/div>","protected":false},"excerpt":{"rendered":"<p>La librairie et galerie parisienne Arts et Autographes Depuis plus de 46 ans, Jean-Emmanuel RAUX est un expert sp\u00e9cialis\u00e9 dans les autographes et les manuscrits originaux de personnages c\u00e9l\u00e8bres. Dans sa\u00a0librairie de Paris, il vous propose, une collection de documents rares tr\u00e8s importante dans nombre de domaines : histoire, litt\u00e9rature, musique, peinture, mais aussi sciences [&hellip;]<\/p>\n","protected":false},"author":1,"featured_media":0,"parent":0,"menu_order":0,"comment_status":"open","ping_status":"open","template":"","meta":{"_coblocks_attr":"","_coblocks_dimensions":"","_coblocks_responsive_height":"","_coblocks_accordion_ie_support":"","hide_page_title":"","footnotes":""},"class_list":["post-21","page","type-page","status-publish","hentry"],"yoast_head":"<!-- This site is optimized with the Yoast SEO plugin v27.3 - https:\/\/yoast.com\/product\/yoast-seo-wordpress\/ -->\n<title>Arts &amp; Autographes - Autographes et manuscrits rares<\/title>\n<meta name=\"robots\" content=\"index, follow, max-snippet:-1, max-image-preview:large, max-video-preview:-1\" \/>\n<link rel=\"canonical\" href=\"https:\/\/autographe.com\/autographes\/galerie-arts-autographes\/\" \/>\n<meta property=\"og:locale\" content=\"fr_FR\" \/>\n<meta property=\"og:type\" content=\"article\" \/>\n<meta property=\"og:title\" content=\"Arts &amp; Autographes - Autographes et manuscrits rares\" \/>\n<meta property=\"og:description\" content=\"La librairie et galerie parisienne Arts et Autographes Depuis plus de 46 ans, Jean-Emmanuel RAUX est un expert sp\u00e9cialis\u00e9 dans les autographes et les manuscrits originaux de personnages c\u00e9l\u00e8bres. Dans sa\u00a0librairie de Paris, il vous propose, une collection de documents rares tr\u00e8s importante dans nombre de domaines : histoire, litt\u00e9rature, musique, peinture, mais aussi sciences [&hellip;]\" \/>\n<meta property=\"og:url\" content=\"https:\/\/autographe.com\/autographes\/galerie-arts-autographes\/\" \/>\n<meta property=\"og:site_name\" content=\"Autographes et manuscrits rares\" \/>\n<meta property=\"article:publisher\" content=\"https:\/\/www.facebook.com\/autographesodeon\" \/>\n<meta property=\"article:modified_time\" content=\"2021-03-20T13:01:15+00:00\" \/>\n<meta property=\"og:image\" content=\"http:\/\/autographe.com\/autographes\/wp-content\/uploads\/2010\/12\/arts-autographes-300x206.jpg\" \/>\n<meta name=\"twitter:card\" content=\"summary_large_image\" \/>\n<meta name=\"twitter:label1\" content=\"Dur\u00e9e de lecture estim\u00e9e\" \/>\n\t<meta name=\"twitter:data1\" content=\"2 minutes\" \/>\n<script type=\"application\/ld+json\" class=\"yoast-schema-graph\">{\"@context\":\"https:\\\/\\\/schema.org\",\"@graph\":[{\"@type\":\"WebPage\",\"@id\":\"https:\\\/\\\/autographe.com\\\/autographes\\\/galerie-arts-autographes\\\/\",\"url\":\"https:\\\/\\\/autographe.com\\\/autographes\\\/galerie-arts-autographes\\\/\",\"name\":\"Arts & Autographes - Autographes et manuscrits rares\",\"isPartOf\":{\"@id\":\"https:\\\/\\\/autographe.com\\\/autographes\\\/#website\"},\"primaryImageOfPage\":{\"@id\":\"https:\\\/\\\/autographe.com\\\/autographes\\\/galerie-arts-autographes\\\/#primaryimage\"},\"image\":{\"@id\":\"https:\\\/\\\/autographe.com\\\/autographes\\\/galerie-arts-autographes\\\/#primaryimage\"},\"thumbnailUrl\":\"http:\\\/\\\/autographe.com\\\/autographes\\\/wp-content\\\/uploads\\\/2010\\\/12\\\/arts-autographes-300x206.jpg\",\"datePublished\":\"2010-12-08T00:06:17+00:00\",\"dateModified\":\"2021-03-20T13:01:15+00:00\",\"breadcrumb\":{\"@id\":\"https:\\\/\\\/autographe.com\\\/autographes\\\/galerie-arts-autographes\\\/#breadcrumb\"},\"inLanguage\":\"fr-FR\",\"potentialAction\":[{\"@type\":\"ReadAction\",\"target\":[\"https:\\\/\\\/autographe.com\\\/autographes\\\/galerie-arts-autographes\\\/\"]}]},{\"@type\":\"ImageObject\",\"inLanguage\":\"fr-FR\",\"@id\":\"https:\\\/\\\/autographe.com\\\/autographes\\\/galerie-arts-autographes\\\/#primaryimage\",\"url\":\"https:\\\/\\\/autographe.com\\\/autographes\\\/wp-content\\\/uploads\\\/2010\\\/12\\\/arts-autographes.jpg\",\"contentUrl\":\"https:\\\/\\\/autographe.com\\\/autographes\\\/wp-content\\\/uploads\\\/2010\\\/12\\\/arts-autographes.jpg\",\"width\":600,\"height\":413,\"caption\":\"galerie arts et autographes\"},{\"@type\":\"BreadcrumbList\",\"@id\":\"https:\\\/\\\/autographe.com\\\/autographes\\\/galerie-arts-autographes\\\/#breadcrumb\",\"itemListElement\":[{\"@type\":\"ListItem\",\"position\":1,\"name\":\"Accueil\",\"item\":\"https:\\\/\\\/autographe.com\\\/autographes\\\/\"},{\"@type\":\"ListItem\",\"position\":2,\"name\":\"Arts &#038; Autographes\"}]},{\"@type\":\"WebSite\",\"@id\":\"https:\\\/\\\/autographe.com\\\/autographes\\\/#website\",\"url\":\"https:\\\/\\\/autographe.com\\\/autographes\\\/\",\"name\":\"Autographes et manuscrits rares\",\"description\":\"Expertises et estimations d&#039;autographes et manuscrits\",\"potentialAction\":[{\"@type\":\"SearchAction\",\"target\":{\"@type\":\"EntryPoint\",\"urlTemplate\":\"https:\\\/\\\/autographe.com\\\/autographes\\\/?s={search_term_string}\"},\"query-input\":{\"@type\":\"PropertyValueSpecification\",\"valueRequired\":true,\"valueName\":\"search_term_string\"}}],\"inLanguage\":\"fr-FR\"}]}<\/script>\n<!-- \/ Yoast SEO plugin. -->","yoast_head_json":{"title":"Arts & Autographes - Autographes et manuscrits rares","robots":{"index":"index","follow":"follow","max-snippet":"max-snippet:-1","max-image-preview":"max-image-preview:large","max-video-preview":"max-video-preview:-1"},"canonical":"https:\/\/autographe.com\/autographes\/galerie-arts-autographes\/","og_locale":"fr_FR","og_type":"article","og_title":"Arts & Autographes - Autographes et manuscrits rares","og_description":"La librairie et galerie parisienne Arts et Autographes Depuis plus de 46 ans, Jean-Emmanuel RAUX est un expert sp\u00e9cialis\u00e9 dans les autographes et les manuscrits originaux de personnages c\u00e9l\u00e8bres. Dans sa\u00a0librairie de Paris, il vous propose, une collection de documents rares tr\u00e8s importante dans nombre de domaines : histoire, litt\u00e9rature, musique, peinture, mais aussi sciences [&hellip;]","og_url":"https:\/\/autographe.com\/autographes\/galerie-arts-autographes\/","og_site_name":"Autographes et manuscrits rares","article_publisher":"https:\/\/www.facebook.com\/autographesodeon","article_modified_time":"2021-03-20T13:01:15+00:00","og_image":[{"url":"http:\/\/autographe.com\/autographes\/wp-content\/uploads\/2010\/12\/arts-autographes-300x206.jpg","type":"","width":"","height":""}],"twitter_card":"summary_large_image","twitter_misc":{"Dur\u00e9e de lecture estim\u00e9e":"2 minutes"},"schema":{"@context":"https:\/\/schema.org","@graph":[{"@type":"WebPage","@id":"https:\/\/autographe.com\/autographes\/galerie-arts-autographes\/","url":"https:\/\/autographe.com\/autographes\/galerie-arts-autographes\/","name":"Arts & Autographes - Autographes et manuscrits rares","isPartOf":{"@id":"https:\/\/autographe.com\/autographes\/#website"},"primaryImageOfPage":{"@id":"https:\/\/autographe.com\/autographes\/galerie-arts-autographes\/#primaryimage"},"image":{"@id":"https:\/\/autographe.com\/autographes\/galerie-arts-autographes\/#primaryimage"},"thumbnailUrl":"http:\/\/autographe.com\/autographes\/wp-content\/uploads\/2010\/12\/arts-autographes-300x206.jpg","datePublished":"2010-12-08T00:06:17+00:00","dateModified":"2021-03-20T13:01:15+00:00","breadcrumb":{"@id":"https:\/\/autographe.com\/autographes\/galerie-arts-autographes\/#breadcrumb"},"inLanguage":"fr-FR","potentialAction":[{"@type":"ReadAction","target":["https:\/\/autographe.com\/autographes\/galerie-arts-autographes\/"]}]},{"@type":"ImageObject","inLanguage":"fr-FR","@id":"https:\/\/autographe.com\/autographes\/galerie-arts-autographes\/#primaryimage","url":"https:\/\/autographe.com\/autographes\/wp-content\/uploads\/2010\/12\/arts-autographes.jpg","contentUrl":"https:\/\/autographe.com\/autographes\/wp-content\/uploads\/2010\/12\/arts-autographes.jpg","width":600,"height":413,"caption":"galerie arts et autographes"},{"@type":"BreadcrumbList","@id":"https:\/\/autographe.com\/autographes\/galerie-arts-autographes\/#breadcrumb","itemListElement":[{"@type":"ListItem","position":1,"name":"Accueil","item":"https:\/\/autographe.com\/autographes\/"},{"@type":"ListItem","position":2,"name":"Arts &#038; Autographes"}]},{"@type":"WebSite","@id":"https:\/\/autographe.com\/autographes\/#website","url":"https:\/\/autographe.com\/autographes\/","name":"Autographes et manuscrits rares","description":"Expertises et estimations d&#039;autographes et manuscrits","potentialAction":[{"@type":"SearchAction","target":{"@type":"EntryPoint","urlTemplate":"https:\/\/autographe.com\/autographes\/?s={search_term_string}"},"query-input":{"@type":"PropertyValueSpecification","valueRequired":true,"valueName":"search_term_string"}}],"inLanguage":"fr-FR"}]}},"_links":{"self":[{"href":"https:\/\/autographe.com\/autographes\/wp-json\/wp\/v2\/pages\/21","targetHints":{"allow":["GET"]}}],"collection":[{"href":"https:\/\/autographe.com\/autographes\/wp-json\/wp\/v2\/pages"}],"about":[{"href":"https:\/\/autographe.com\/autographes\/wp-json\/wp\/v2\/types\/page"}],"author":[{"embeddable":true,"href":"https:\/\/autographe.com\/autographes\/wp-json\/wp\/v2\/users\/1"}],"replies":[{"embeddable":true,"href":"https:\/\/autographe.com\/autographes\/wp-json\/wp\/v2\/comments?post=21"}],"version-history":[{"count":37,"href":"https:\/\/autographe.com\/autographes\/wp-json\/wp\/v2\/pages\/21\/revisions"}],"predecessor-version":[{"id":3767,"href":"https:\/\/autographe.com\/autographes\/wp-json\/wp\/v2\/pages\/21\/revisions\/3767"}],"wp:attachment":[{"href":"https:\/\/autographe.com\/autographes\/wp-json\/wp\/v2\/media?parent=21"}],"curies":[{"name":"wp","href":"https:\/\/api.w.org\/{rel}","templated":true}]}}